{"id":119,"date":"2016-03-15T13:28:58","date_gmt":"2016-03-15T12:28:58","guid":{"rendered":"http:\/\/castello.webag.it\/fr\/la-storia-del-castello\/"},"modified":"2016-06-14T10:26:21","modified_gmt":"2016-06-14T08:26:21","slug":"l-histoire-du-chateau","status":"publish","type":"page","link":"https:\/\/www.castellodiproceno.it\/fr\/le-chateau\/l-histoire-du-chateau\/","title":{"rendered":"L&rsquo;histoire du ch\u00e2teau"},"content":{"rendered":"<p>Bien des g\u00e9n\u00e9rations se sont succ\u00e9d\u00e9es respectant avec passion leurs racines .et leur histoire extraordinaires. Cette connaissance et passion transmises dans la famille constitue aujourd&rsquo;hui un patrimoine de souvenirs, d&rsquo;une atmosph\u00e8re, des lieux et des personne vraies et uniques qui nous guident et inspirent constamment dans notre travail et nos choix.<\/p>\n<p><img loading=\"lazy\" decoding=\"async\" class=\"aligncenter size-full wp-image-117\" src=\"http:\/\/castello.webag.it\/wp-content\/uploads\/2016\/03\/disegno-1.jpg\" alt=\"disegno\" width=\"847\" height=\"200\" \/><\/p>\n<p>&nbsp;<\/p>\n<p>De cela immerge un engagement fort pas seulement pour la forteresse en soi mais aussi dans le sens plus \u00e9tendu pour tout ce magnifique terroir qui nous entoure, les gens, les traditions et lieux, dans une forme de participation active et sensible pour leur conservation.<\/p>\n<p><img loading=\"lazy\" decoding=\"async\" class=\"wp-image-296 alignleft\" src=\"http:\/\/castello.webag.it\/wp-content\/uploads\/2016\/03\/Castello-disegno.jpg\" alt=\"Autosave-File vom d-lab2\/3 der AgfaPhoto GmbH\" width=\"250\" height=\"375\" srcset=\"https:\/\/www.castellodiproceno.it\/wp-content\/uploads\/2016\/03\/Castello-disegno.jpg 600w, https:\/\/www.castellodiproceno.it\/wp-content\/uploads\/2016\/03\/Castello-disegno-200x300.jpg 200w, https:\/\/www.castellodiproceno.it\/wp-content\/uploads\/2016\/03\/Castello-disegno-100x150.jpg 100w, https:\/\/www.castellodiproceno.it\/wp-content\/uploads\/2016\/03\/Castello-disegno-140x210.jpg 140w\" sizes=\"auto, (max-width: 250px) 100vw, 250px\" \/><\/p>\n<p>En ce lieu sur la <strong>Via Francigena<\/strong> f\u00fbt \u00e9rig\u00e9 il y a environ 1000 ans une tour habitable fortifi\u00e9e qui h\u00e9bergeait des personnages c\u00e9l\u00e8bres comme des hommes d&rsquo;\u00e9glise ou de l&#8217;empire. Nous nous sommes toujours sentis responsables de restaurer les lieux qui ont connu des phases d&rsquo;abandon, afin de les maintenir pour les g\u00e9n\u00e9rations futures.<\/p>\n<p>Nous avons fait un travail de maintenance en ce qui concerne les b\u00e2timents et les zone vertes, des jardins, des parcs et des bosquets qui nous entourent. Nous sommes guid\u00e9s par la volont\u00e9 de faire comprendre que ces lieux peuvent devenir un lieu de rencontre et d&rsquo;une vie procurant \u00e0 chacun des moments uniques selon leurs propres tendances. De l&rsquo;Association qui promeut des \u00e9v\u00e8nements musicaux et le Prix pour l&rsquo;histoire des \u00e9trusques et du moyen-\u00e2ge, aux joyeux cours de cuisine avec d\u00e9gustation professionnelle des vins choisis pour le menu pr\u00e9par\u00e9, tout est fait pour que les h\u00f4tes trouvent un ralentissement \u00e0 la vie fr\u00e9n\u00e9tique de tous les jours et trouvent le temps de contempler le paysage indescriptible entre beaut\u00e9, histoire et culture.<\/p>\n<p style=\"text-align: left;\">A l&rsquo;interne de la tour se trouve un petit <strong>mus\u00e9e<\/strong> qui peut \u00eatre visit\u00e9 sur r\u00e9servation. Dans la galerie photo sont contenus quelques images de son int\u00e9rieur.<\/p>\n","protected":false},"excerpt":{"rendered":"<p>Le Castello di Proceno est un \u00e9difice historique et authentique au c\u0153ur de la Tuscie<br \/>\net depuis le d\u00e9but des ann\u00e9es 1700 la propri\u00e9t\u00e9 de la famille Cecchini, aujourd&rsquo;hui Bisoni Cecchini.<\/p>\n","protected":false},"author":1,"featured_media":116,"parent":207,"menu_order":0,"comment_status":"closed","ping_status":"closed","template":"","meta":{"_acf_changed":false,"footnotes":""},"class_list":["post-119","page","type-page","status-publish","has-post-thumbnail","hentry"],"acf":[],"aioseo_notices":[],"_links":{"self":[{"href":"https:\/\/www.castellodiproceno.it\/fr\/wp-json\/wp\/v2\/pages\/119","targetHints":{"allow":["GET"]}}],"collection":[{"href":"https:\/\/www.castellodiproceno.it\/fr\/wp-json\/wp\/v2\/pages"}],"about":[{"href":"https:\/\/www.castellodiproceno.it\/fr\/wp-json\/wp\/v2\/types\/page"}],"author":[{"embeddable":true,"href":"https:\/\/www.castellodiproceno.it\/fr\/wp-json\/wp\/v2\/users\/1"}],"replies":[{"embeddable":true,"href":"https:\/\/www.castellodiproceno.it\/fr\/wp-json\/wp\/v2\/comments?post=119"}],"version-history":[{"count":0,"href":"https:\/\/www.castellodiproceno.it\/fr\/wp-json\/wp\/v2\/pages\/119\/revisions"}],"up":[{"embeddable":true,"href":"https:\/\/www.castellodiproceno.it\/fr\/wp-json\/wp\/v2\/pages\/207"}],"wp:featuredmedia":[{"embeddable":true,"href":"https:\/\/www.castellodiproceno.it\/fr\/wp-json\/wp\/v2\/media\/116"}],"wp:attachment":[{"href":"https:\/\/www.castellodiproceno.it\/fr\/wp-json\/wp\/v2\/media?parent=119"}],"curies":[{"name":"wp","href":"https:\/\/api.w.org\/{rel}","templated":true}]}}