{"id":140,"date":"2016-03-15T13:29:14","date_gmt":"2016-03-15T12:29:14","guid":{"rendered":"http:\/\/castello.webag.it\/fr\/la-natura-ed-il-giardino\/"},"modified":"2016-03-24T17:26:09","modified_gmt":"2016-03-24T16:26:09","slug":"la-nature-et-le-jardin","status":"publish","type":"page","link":"https:\/\/www.castellodiproceno.it\/fr\/le-chateau\/la-nature-et-le-jardin\/","title":{"rendered":"La nature et le jardin"},"content":{"rendered":"<p><em>Parmi tous les \u00e9l\u00e9ments fascinants de la Tuscie c&rsquo;est s\u00fbrement le paysage qui a une place primordial. Il nous surprend \u00e0 chaque fois par ses couleurs et formes toujours renouvel\u00e9es. <\/em><br \/>\n<em>L&rsquo;origine volcanique du terrain a favoris\u00e9 la formation d&rsquo;un lac d&rsquo;une beaut\u00e9 rare, le lac de Bolsena avec les \u00eeles Bisentina et Martana.<\/em><br \/>\n<em>Le lac est d&rsquo;une dimension id\u00e9ale et la vie se rythme avec les saisons et les traditions transmises de p\u00e8re en fils. L&rsquo;agriculture occupe une place pr\u00e9dominante et donne vie \u00e0 un concept d&rsquo;identit\u00e9 g\u00e9ographique.<\/em><\/p>\n<p><img loading=\"lazy\" decoding=\"async\" class=\"alignnone size-full wp-image-295\" src=\"http:\/\/castello.webag.it\/wp-content\/uploads\/2016\/03\/castello-nebbia.jpg\" alt=\"castello-nebbia\" width=\"847\" height=\"200\" srcset=\"https:\/\/www.castellodiproceno.it\/wp-content\/uploads\/2016\/03\/castello-nebbia.jpg 847w, https:\/\/www.castellodiproceno.it\/wp-content\/uploads\/2016\/03\/castello-nebbia-300x71.jpg 300w, https:\/\/www.castellodiproceno.it\/wp-content\/uploads\/2016\/03\/castello-nebbia-150x35.jpg 150w, https:\/\/www.castellodiproceno.it\/wp-content\/uploads\/2016\/03\/castello-nebbia-210x50.jpg 210w\" sizes=\"auto, (max-width: 847px) 100vw, 847px\" \/><\/p>\n<p>&nbsp;<\/p>\n<p>Autour de la forteresse de Proceno vous trouverez un paysage multiple et divers\u00a0: des collines abruptes, des for\u00eats d&rsquo;une grande densit\u00e9, l&rsquo;impressionnant <strong>torrent Stridolone<\/strong> dans son milieu naturel, la vall\u00e9e verte du fleuve Paglia, des for\u00eats de ch\u00e2taigniers qui produisent de multiples champignons en automne. Depuis la tour la plus haute du ch\u00e2teau on peut admirer cet amphith\u00e9\u00e2tre naturel qui entoure la vall\u00e9e luxuriante du Stridolone, le <strong>Mont Civitella<\/strong> avec le bourg de<strong> Castellazzara<\/strong>, le <strong>Mont Amiata<\/strong> o\u00f9 l&rsquo;on peut m\u00eame faire du ski en hiver, le ch\u00e2teau de <strong>Radicofani<\/strong>, <strong>Celle sul Rigo<\/strong> et le <strong>Mont Cetona<\/strong> avec les petites agglom\u00e9rations de <em>Chiusi<\/em> et <em>Cetona<\/em>. Il est aussi possible de voir le Mont Rufeno avec sa splendide r\u00e9serve naturelle et le mus\u00e9e des fleurs, une structure naturelle de tr\u00e8s grand int\u00e9r\u00eat, et enfin le ch\u00e2teau de <strong>Torre Alfina<\/strong> avec le v\u00e9n\u00e9rable <strong>Bosco des Sasseto<\/strong>. Dans la r\u00e9gion du Mont Amiata se trouvent plusieurs sources thermales dans leur \u00e9tat naturel dont quelques-uns sont exploit\u00e9s par des SPA bien organis\u00e9s.<\/p>\n<p>Log\u00e9s dans cette splendide nature se trouvent alors les jardins du ch\u00e2teau de Proceno.<br \/>\nPour arriver au vieux ch\u00e2teau, le visiteur traverse le jardin des limoniers et le jardin des bosquets. Ces deux font partie de l&rsquo;ancienne fortification et sont les t\u00e9moins les plus traditionnels parmi la section du jardin qui descend vers la piscine et le parc qui s&rsquo;ouvre vers la campagne. Les <em>glycines<\/em> couvrent les vieux m\u00fbrs, des roses se logent dans les arbres s\u00e9culaires pendant que des bords d&rsquo;iris cr\u00e9ent une image magique de couleurs.<\/p>\n","protected":false},"excerpt":{"rendered":"<p>Il nous surprend \u00e0 chaque fois par ses couleurs et formes toujours renouvel\u00e9es. <\/p>\n","protected":false},"author":1,"featured_media":138,"parent":207,"menu_order":0,"comment_status":"closed","ping_status":"closed","template":"","meta":{"_acf_changed":false,"footnotes":""},"class_list":["post-140","page","type-page","status-publish","has-post-thumbnail","hentry"],"acf":[],"aioseo_notices":[],"_links":{"self":[{"href":"https:\/\/www.castellodiproceno.it\/fr\/wp-json\/wp\/v2\/pages\/140","targetHints":{"allow":["GET"]}}],"collection":[{"href":"https:\/\/www.castellodiproceno.it\/fr\/wp-json\/wp\/v2\/pages"}],"about":[{"href":"https:\/\/www.castellodiproceno.it\/fr\/wp-json\/wp\/v2\/types\/page"}],"author":[{"embeddable":true,"href":"https:\/\/www.castellodiproceno.it\/fr\/wp-json\/wp\/v2\/users\/1"}],"replies":[{"embeddable":true,"href":"https:\/\/www.castellodiproceno.it\/fr\/wp-json\/wp\/v2\/comments?post=140"}],"version-history":[{"count":0,"href":"https:\/\/www.castellodiproceno.it\/fr\/wp-json\/wp\/v2\/pages\/140\/revisions"}],"up":[{"embeddable":true,"href":"https:\/\/www.castellodiproceno.it\/fr\/wp-json\/wp\/v2\/pages\/207"}],"wp:featuredmedia":[{"embeddable":true,"href":"https:\/\/www.castellodiproceno.it\/fr\/wp-json\/wp\/v2\/media\/138"}],"wp:attachment":[{"href":"https:\/\/www.castellodiproceno.it\/fr\/wp-json\/wp\/v2\/media?parent=140"}],"curies":[{"name":"wp","href":"https:\/\/api.w.org\/{rel}","templated":true}]}}