{"id":147,"date":"2016-03-17T12:04:27","date_gmt":"2016-03-17T11:04:27","guid":{"rendered":"http:\/\/castello.webag.it\/fr\/enogastronomia\/ristorante\/"},"modified":"2016-08-04T13:03:05","modified_gmt":"2016-08-04T11:03:05","slug":"restaurant","status":"publish","type":"page","link":"https:\/\/www.castellodiproceno.it\/fr\/gastronomie-et-vin\/restaurant\/","title":{"rendered":"Restaurant"},"content":{"rendered":"<p>L&rsquo;hospitalit\u00e9, sobre et accueillante, ne fait que souligner la beaut\u00e9 du conteste naturel du parc. D\u00e9couvrez l&rsquo;esprit des saison dans nos menus comme les champignons en automne, la chasse en hiver, les l\u00e9gumes frais des jardins qui se trouvent au printemps et en \u00e9t\u00e9 vers le torrent du Stridolone. Le tout arrondi par une touche d&rsquo;herbes aromatiques qui poussent aux alentours.<br \/>\nSans oublier les fromages locales, tout sp\u00e9cialement le Pecorino, les p\u00e2tes et dessert fait maison et les meilleurs vins d&rsquo;Italie central.<\/p>\n<p>&nbsp;<\/p>\n<p><img loading=\"lazy\" decoding=\"async\" class=\"alignnone size-full wp-image-439\" src=\"http:\/\/castello.webag.it\/wp-content\/uploads\/2016\/03\/immagini-ristorante-ricotta.jpg\" alt=\"immagini-ristorante-ricotta\" width=\"847\" height=\"200\" srcset=\"https:\/\/www.castellodiproceno.it\/wp-content\/uploads\/2016\/03\/immagini-ristorante-ricotta.jpg 847w, https:\/\/www.castellodiproceno.it\/wp-content\/uploads\/2016\/03\/immagini-ristorante-ricotta-300x71.jpg 300w, https:\/\/www.castellodiproceno.it\/wp-content\/uploads\/2016\/03\/immagini-ristorante-ricotta-150x35.jpg 150w, https:\/\/www.castellodiproceno.it\/wp-content\/uploads\/2016\/03\/immagini-ristorante-ricotta-210x50.jpg 210w\" sizes=\"auto, (max-width: 847px) 100vw, 847px\" \/><\/p>\n<p>&nbsp;<\/p>\n<p>&nbsp;<\/p>\n<p>La recherche constante et incessant de mati\u00e8res premi\u00e8res de haute qualit\u00e9 est faite en cuisine, dans le respect de la plus pure tradition et li\u00e9e \u00e0 de prestigieuses \u00e9tiquettes.<\/p>\n<p>Proceno se trouve aux fronti\u00e8res de trois r\u00e9gions et c&rsquo;est la raison pour laquelle la carte des mets refl\u00e9tera toujours les singularit\u00e9s respectives.<br \/>\nLe restaurant est ouvert le soir et offre la possibilit\u00e9 de diner sur une terrasse entour\u00e9e du parc ou dans une loggia, mais aussi dans une \u00e9curie antique, d\u00e9cor\u00e9e avec beaucoup d&rsquo;amour et de go\u00fbt avec des objets traditionnels qui vous porteront dans le pass\u00e9e du ch\u00e2teau.<\/p>\n","protected":false},"excerpt":{"rendered":"<p>Les mets du restaurant du Castello racontent les parfums et les saveurs de la Toscane, de l&rsquo;Ombrie e du Lazio,<br \/>\nils sont \u00e9labor\u00e9s \u00e0 partir de produits frais indig\u00e8nes et de saison. <\/p>\n","protected":false},"author":1,"featured_media":144,"parent":133,"menu_order":0,"comment_status":"closed","ping_status":"closed","template":"","meta":{"_acf_changed":false,"footnotes":""},"class_list":["post-147","page","type-page","status-publish","has-post-thumbnail","hentry"],"acf":[],"aioseo_notices":[],"_links":{"self":[{"href":"https:\/\/www.castellodiproceno.it\/fr\/wp-json\/wp\/v2\/pages\/147","targetHints":{"allow":["GET"]}}],"collection":[{"href":"https:\/\/www.castellodiproceno.it\/fr\/wp-json\/wp\/v2\/pages"}],"about":[{"href":"https:\/\/www.castellodiproceno.it\/fr\/wp-json\/wp\/v2\/types\/page"}],"author":[{"embeddable":true,"href":"https:\/\/www.castellodiproceno.it\/fr\/wp-json\/wp\/v2\/users\/1"}],"replies":[{"embeddable":true,"href":"https:\/\/www.castellodiproceno.it\/fr\/wp-json\/wp\/v2\/comments?post=147"}],"version-history":[{"count":0,"href":"https:\/\/www.castellodiproceno.it\/fr\/wp-json\/wp\/v2\/pages\/147\/revisions"}],"up":[{"embeddable":true,"href":"https:\/\/www.castellodiproceno.it\/fr\/wp-json\/wp\/v2\/pages\/133"}],"wp:featuredmedia":[{"embeddable":true,"href":"https:\/\/www.castellodiproceno.it\/fr\/wp-json\/wp\/v2\/media\/144"}],"wp:attachment":[{"href":"https:\/\/www.castellodiproceno.it\/fr\/wp-json\/wp\/v2\/media?parent=147"}],"curies":[{"name":"wp","href":"https:\/\/api.w.org\/{rel}","templated":true}]}}