{"id":159,"date":"2016-03-15T13:30:31","date_gmt":"2016-03-15T12:30:31","guid":{"rendered":"http:\/\/castello.webag.it\/fr\/la-via-francigena\/"},"modified":"2016-03-24T10:26:06","modified_gmt":"2016-03-24T09:26:06","slug":"la-via-francigena","status":"publish","type":"page","link":"https:\/\/www.castellodiproceno.it\/fr\/le-territoire\/la-via-francigena\/","title":{"rendered":"La via francigena"},"content":{"rendered":"<p><em>De Canterbury \u00e0 Rome: c&rsquo;\u00e9tait le chemin que des millions de p\u00e8lerins ont travers\u00e9s pendant des si\u00e8cles au nom du christianisme. Aujourd&rsquo;hui, c&rsquo;est un moyen d&rsquo;un tourisme international qui a contribu\u00e9 \u00e0 la d\u00e9couverte et \u00e0 la valorisation culturelle des territoires parcourus. Proceno est la premi\u00e8re commune que les p\u00e8lerins rencontrent quand ils passent la fronti\u00e8re entre la Toscane et les Etats pontificaux.<\/em> l y a bien des si\u00e8cles d\u00e9j\u00e0, le voyage repr\u00e9sentait une exp\u00e9rience proprement existentielle o\u00f9, \u00e0 chaque \u00e9tape, \u00e0 chaque place, aux divers lieux de passage ainsi que dans les maisons se sentait vraiment un \u00ab itin\u00e9raire de l&rsquo;\u00e2me \u00bb. Voyager n&rsquo;\u00e9tait pas facile par ces temps et l&rsquo;on sait que les p\u00e8lerins faisaient leur testament avant de partir. Mais le trafic devenait toujours plus dense, dans une telle envergure que cette mobilit\u00e9 m\u00e9di\u00e9vale n&rsquo;arr\u00eate pas \u00e0 nous surprendre, nous, les hommes du troisi\u00e8me mill\u00e9naire qui sommes habitu\u00e9s aux moyens de transport modernes. Monuments et autres tr\u00e9sors d&rsquo;art ont enrichis les principaux centres du parcours : des cath\u00e9drales splendides, des \u00e9glises avec de pr\u00e9cieuses reliques comme celle qui vient, selon la tradition, de J\u00e9rusalem et gard\u00e9e dans la crypte de la cath\u00e9drale du Sant S\u00e9pulcre d&rsquo;Aquapendente, ainsi que des miracles comme celui de Bolsena dans la chapelle m\u00e9moire de la martyre Cristina, o\u00f9 un pr\u00eatre qui se trouvait dans le doute a retrouv\u00e9 la foi, \u00e9v\u00e8nement qui a donn\u00e9 \u00e0 l&rsquo;\u00e9glise la F\u00eate-Dieu. Ceci comme exemple des \u00e9v\u00e8nements qui se sont pass\u00e9 tout pr\u00e8s de notre r\u00e9gion.<\/p>\n<p><img loading=\"lazy\" decoding=\"async\" class=\"alignnone size-full wp-image-157\" src=\"http:\/\/castello.webag.it\/wp-content\/uploads\/2016\/03\/via-francigena.jpg\" alt=\"via-francigena\" width=\"847\" height=\"200\" srcset=\"https:\/\/www.castellodiproceno.it\/wp-content\/uploads\/2016\/03\/via-francigena.jpg 847w, https:\/\/www.castellodiproceno.it\/wp-content\/uploads\/2016\/03\/via-francigena-300x71.jpg 300w, https:\/\/www.castellodiproceno.it\/wp-content\/uploads\/2016\/03\/via-francigena-150x35.jpg 150w, https:\/\/www.castellodiproceno.it\/wp-content\/uploads\/2016\/03\/via-francigena-210x50.jpg 210w\" sizes=\"auto, (max-width: 847px) 100vw, 847px\" \/><\/p>\n<p>La <strong>VIA FRANCIGENA<\/strong> et le chemin de<strong> SAINT-JACQUES DE COMPOSTELLE<\/strong> sont deux parcours culturels qui repr\u00e9sentent un long voyage vers la recherche \u00ab d&rsquo;un bout de ciel \u00bb, pour se caract\u00e9riser de d\u00e9buts et fins divers. La route de St Jacques \u00e9tait en fait n\u00e9e d&rsquo;une volont\u00e9 politique de d\u00e9fense envers la confrontation avec l&rsquo;Islam, comme symbole de l&rsquo;Europe chr\u00e9tienne contre les musulmans, pendant que la Francigena \u00e9tait un chemin de p\u00e8lerinage mais en m\u00eame temps un trajet d&rsquo;intenses \u00e9changes et de commerce. Depuis des si\u00e8cles, \u00ab sans h\u00e2te \u00bb, sur son parcours naissaient villes et villages, art, litt\u00e9rature, musique et un sens commun du continent Europe. De nos jours, cet itin\u00e9raire repr\u00e9sente en m\u00eame temps un instrument extraordinaire de connaissance historique et culturelle et offre l&rsquo;opportunit\u00e9 d&rsquo;exp\u00e9rimenter une forme de coordination et de d\u00e9veloppement des ressources environnementales et sociales. La Francigena est un chemin o\u00f9 les peuples de toute l&rsquo;Europe se sont rencontr\u00e9s pendant des si\u00e8cles, en se consid\u00e9rant tous comme membres d&rsquo;une m\u00eame civilisation. L&rsquo;itin\u00e9raire riche en histoire \u00e9tait la colonne vert\u00e9brale de l&rsquo;Europe. C&rsquo;\u00e9tait Dante qui a donn\u00e9 le nom de \u00ab p\u00e8lerinage \u00bb \u00e0 ce flux humain de migrants qui, guid\u00e9s par le soleil, ont travers\u00e9 les champs de toute l&rsquo;Europe et ont d\u00e9velopp\u00e9 ainsi d&rsquo;intenses \u00e9changes culturelles.<\/p>\n<p><strong><span class=\"bold\">Tous les p\u00e8lerins auront droit \u00e0 un rabais de 15%.<\/span><\/strong><\/p>\n","protected":false},"excerpt":{"rendered":"<p>Proceno \u00e8 il primo borgo che i pellegrini incontravano varcando il confine tra la Toscana e lo Stato Pontificio. <\/p>\n","protected":false},"author":1,"featured_media":156,"parent":209,"menu_order":0,"comment_status":"closed","ping_status":"closed","template":"page-templates\/content-pagine-testate-corte.php","meta":{"_acf_changed":false,"footnotes":""},"class_list":["post-159","page","type-page","status-publish","has-post-thumbnail","hentry"],"acf":[],"aioseo_notices":[],"_links":{"self":[{"href":"https:\/\/www.castellodiproceno.it\/fr\/wp-json\/wp\/v2\/pages\/159","targetHints":{"allow":["GET"]}}],"collection":[{"href":"https:\/\/www.castellodiproceno.it\/fr\/wp-json\/wp\/v2\/pages"}],"about":[{"href":"https:\/\/www.castellodiproceno.it\/fr\/wp-json\/wp\/v2\/types\/page"}],"author":[{"embeddable":true,"href":"https:\/\/www.castellodiproceno.it\/fr\/wp-json\/wp\/v2\/users\/1"}],"replies":[{"embeddable":true,"href":"https:\/\/www.castellodiproceno.it\/fr\/wp-json\/wp\/v2\/comments?post=159"}],"version-history":[{"count":0,"href":"https:\/\/www.castellodiproceno.it\/fr\/wp-json\/wp\/v2\/pages\/159\/revisions"}],"up":[{"embeddable":true,"href":"https:\/\/www.castellodiproceno.it\/fr\/wp-json\/wp\/v2\/pages\/209"}],"wp:featuredmedia":[{"embeddable":true,"href":"https:\/\/www.castellodiproceno.it\/fr\/wp-json\/wp\/v2\/media\/156"}],"wp:attachment":[{"href":"https:\/\/www.castellodiproceno.it\/fr\/wp-json\/wp\/v2\/media?parent=159"}],"curies":[{"name":"wp","href":"https:\/\/api.w.org\/{rel}","templated":true}]}}