{"id":161,"date":"2016-03-15T13:31:43","date_gmt":"2016-03-15T12:31:43","guid":{"rendered":"http:\/\/castello.webag.it\/fr\/mete-da-scoprire\/"},"modified":"2016-03-24T10:27:51","modified_gmt":"2016-03-24T09:27:51","slug":"lieux-a-decouvrir","status":"publish","type":"page","link":"https:\/\/www.castellodiproceno.it\/fr\/le-territoire\/lieux-a-decouvrir\/","title":{"rendered":"Lieux a decouvrir"},"content":{"rendered":"<p><strong><span class=\"bold\">Arch\u00e9ologie<\/span><\/strong><span class=\"testo\"><br \/>\n<a class=\"link\" href=\"http:\/\/www.comune.grottedicastro.vt.it\/index.php?T1=21\" target=\"_blank\">Necropoli di Pianezze<\/a> a Grotte di Castro<br \/>\n<a class=\"link\" href=\"http:\/\/www.culturalazio.it\/musei\/museo_bolsena\/\" target=\"_blank\">Museo territoriale del lago di Bolsena<\/a><br \/>\n<a class=\"link\" href=\"http:\/\/www.infobolsena.it\/parco-turona.htm\" target=\"_blank\">parco Archeo Naturalistico di Turona<\/a> presso Bolsena<br \/>\nScavi della citt\u00e0 Etrusco Romana di <a class=\"link\" href=\"http:\/\/www.comunebolsena.it\/da-visitare.asp\" target=\"_blank\">Volsini<\/a> presso Castello di Bolsena<br \/>\n<a class=\"link\" href=\"http:\/\/www.sovana.eu\/\" target=\"_blank\">Sovana<\/a> ed alle numerose tombe Etrusche che la circondano<\/span><\/p>\n<p><strong><span class=\"bold\">Nature<\/span><\/strong><br \/>\n<span class=\"link\"><a class=\"link\" href=\"http:\/\/www.parks.it\/riserva.monte.rufeno\/\" target=\"_blank\">Riserva Naturale di Monte Rufeno<\/a><\/span><br \/>\n<span class=\"link\"><a href=\"http:\/\/www.museodelfiore.it\/\" target=\"_blank\">Museo del Fiore<\/a><\/span> a Torre Alfina<br \/>\n<span class=\"link\"><a class=\"link\" href=\"http:\/\/www.museolubriano.com\/\" target=\"_blank\">Museo di Lubriano<\/a><\/span> e alla Valle dei Calanchi<br \/>\n<span class=\"link\"><a class=\"link\" href=\"http:\/\/www.museodelfiore.it\/il-territorio\/torre_sasseto_html\" target=\"_blank\">Bosco del Sasseto<\/a><\/span> a Torre Alfina<\/p>\n<p><strong><span class=\"bold\">Jardins historiques<\/span><\/strong><br \/>\n<span class=\"link\"><a class=\"link\" href=\"http:\/\/www.villalante.it\/\" target=\"_blank\">Villa Lante<\/a><\/span> a Bagnaia<br \/>\n<span class=\"testo\"><span class=\"bold\"><a class=\"link\" href=\"http:\/\/www.parcodeimostri.com\/\" target=\"_blank\">Parco dei Mostri<\/a><\/span><\/span> di Bomarzo<br \/>\n<span class=\"bold\"><a class=\"link\" href=\"http:\/\/it.wikipedia.org\/wiki\/Horti_Leonini\" target=\"_blank\">Horti Leonini<\/a><\/span><span class=\"testo\"> a San Quirico d&rsquo;Orcia<br \/>\n<a class=\"link\" href=\"http:\/\/www.lafoce.com\/\" target=\"_blank\">Giardino della Foce<\/a> in Val d&rsquo;Orcia<br \/>\n<a class=\"link\" href=\"http:\/\/www.nikidesaintphalle.com\/\" target=\"_blank\">Giardino dei Tarocchi<\/a><\/span>di Niky de Saint Phalle a Capalbio<\/p>\n<p><strong><span class=\"bold\">Itin\u00e9raire m\u00e9di\u00e9val et de la Renaissance<\/span><\/strong><br \/>\n<span class=\"link\"><a class=\"link\" href=\"http:\/\/www.comune.gradoli.vt.it\/index.php?T1=19\" target=\"_blank\">Palazzo Farnese<\/a><\/span> a Gradoli<br \/>\n<span class=\"link\"><a class=\"link\" href=\"http:\/\/www.valentano.org\/museo_guida_1.htm\" target=\"_blank\">Rocca Farnese<\/a><\/span> a Valentano<br \/>\n<a class=\"link\" href=\"http:\/\/www.argoweb.it\/orvieto\/orvieto.it.html\" target=\"_blank\">Orvieto<\/a><br \/>\nla \u00ab\u00a0citt\u00e0 che muore\u00a0\u00bb, <a class=\"link\" href=\"http:\/\/www.civitadibagnoregio.it\/civita\/storia.htm\" target=\"_blank\">Civita di Bagnoregio<\/a><br \/>\n<a class=\"link\" href=\"http:\/\/www.pienza.org\/\" target=\"_blank\">Pienza<\/a>, <a class=\"link\" href=\"http:\/\/www.montalcinonet.com\/\" target=\"_blank\">Montalcino<\/a> e <a class=\"link\" href=\"http:\/\/www.montepulciano.com\/\" target=\"_blank\">Montepulciano<\/a><br \/>\n<a class=\"link\" href=\"http:\/\/it.wikipedia.org\/wiki\/Parco_archeologico_del_Tufo\" target=\"_blank\">Sorano, Sovana e Pitigliano<\/a><\/p>\n<p><strong><span class=\"bold\">Itin\u00e9<span class=\"testo\">raire m\u00e9di\u00e9val<\/span><\/span><\/strong><br \/>\n<a class=\"link\" href=\"http:\/\/www.motturasergio.it\/tenuta.html\" target=\"_blank\">Cantine Mottura<\/a> a Civitella d&rsquo;Agliano<br \/>\n<a class=\"link\" href=\"http:\/\/www.avignonesi.it\/eng-aziende.htm\" target=\"_blank\">Cantine Avignonesi<\/a> alle Capezzine<br \/>\n<a class=\"link\" href=\"http:\/\/www.levelette.it\/italiano\/index.asp\" target=\"_blank\">Cantina delle Velette<\/a> ad Orvieto<br \/>\n<a class=\"link\" href=\"http:\/\/www.paoloenoemiadamico.it\/\" target=\"_blank\">Cantina dell&rsquo;Agricola Alessia<\/a> a Vaiano nella Valle dei Calanchi<br \/>\n<a class=\"link\" href=\"http:\/\/www.caseificiocugusi.it\/\" target=\"_blank\">Caseificio Cogusi<\/a> a Pienza<\/p>\n","protected":false},"excerpt":{"rendered":"<p>Arch\u00e9ologie Necropoli di Pianezze a Grotte di Castro Museo territoriale del lago di Bolsena parco Archeo Naturalistico di Turona presso Bolsena Scavi della citt\u00e0 Etrusco Romana di Volsini presso Castello di Bolsena Sovana ed alle numerose tombe Etrusche che la circondano Nature Riserva Naturale di Monte Rufeno Museo del Fiore a Torre Alfina Museo di [&hellip;]<\/p>\n","protected":false},"author":1,"featured_media":156,"parent":209,"menu_order":0,"comment_status":"closed","ping_status":"closed","template":"page-templates\/content-pagine-testate-corte.php","meta":{"_acf_changed":false,"footnotes":""},"class_list":["post-161","page","type-page","status-publish","has-post-thumbnail","hentry"],"acf":[],"aioseo_notices":[],"_links":{"self":[{"href":"https:\/\/www.castellodiproceno.it\/fr\/wp-json\/wp\/v2\/pages\/161","targetHints":{"allow":["GET"]}}],"collection":[{"href":"https:\/\/www.castellodiproceno.it\/fr\/wp-json\/wp\/v2\/pages"}],"about":[{"href":"https:\/\/www.castellodiproceno.it\/fr\/wp-json\/wp\/v2\/types\/page"}],"author":[{"embeddable":true,"href":"https:\/\/www.castellodiproceno.it\/fr\/wp-json\/wp\/v2\/users\/1"}],"replies":[{"embeddable":true,"href":"https:\/\/www.castellodiproceno.it\/fr\/wp-json\/wp\/v2\/comments?post=161"}],"version-history":[{"count":0,"href":"https:\/\/www.castellodiproceno.it\/fr\/wp-json\/wp\/v2\/pages\/161\/revisions"}],"up":[{"embeddable":true,"href":"https:\/\/www.castellodiproceno.it\/fr\/wp-json\/wp\/v2\/pages\/209"}],"wp:featuredmedia":[{"embeddable":true,"href":"https:\/\/www.castellodiproceno.it\/fr\/wp-json\/wp\/v2\/media\/156"}],"wp:attachment":[{"href":"https:\/\/www.castellodiproceno.it\/fr\/wp-json\/wp\/v2\/media?parent=161"}],"curies":[{"name":"wp","href":"https:\/\/api.w.org\/{rel}","templated":true}]}}