{"id":164,"date":"2016-03-15T13:32:01","date_gmt":"2016-03-15T12:32:01","guid":{"rendered":"http:\/\/castello.webag.it\/fr\/link-utili\/"},"modified":"2016-06-08T15:30:12","modified_gmt":"2016-06-08T13:30:12","slug":"liens-utiles","status":"publish","type":"page","link":"https:\/\/www.castellodiproceno.it\/fr\/le-territoire\/liens-utiles\/","title":{"rendered":"Liens utiles"},"content":{"rendered":"<p><em>Pour obtenir plus d&rsquo;informations sur la r\u00e9gion, nous vous sugg\u00e9rons de visiter les sites de nos amis:<\/em><\/p>\n<p><strong>H\u00f4tels:<\/strong>\u00a0<a class=\"link\" href=\"http:\/\/www.loggiatodeiservitihotel.it\/it\/\" target=\"_blank\">Loggiato dei serviti <\/a>(Firenze)<\/p>\n<p><strong>Restaurants:\u00a0<\/strong><a class=\"link\" href=\"http:\/\/www.enotecaiterzi.it\/\" target=\"_blank\">Enoteca I terzi <\/a>(Siena) &#8211;\u00a0<a class=\"link\" href=\"http:\/\/www.laparolina.it\/\" target=\"_blank\">La Parolina<\/a> &#8211; Trevinano (VT) &#8211;\u00a0<a class=\"link\" href=\"http:\/\/www.cantinaottavarima.it\/home.html\" target=\"_blank\">Osteria l&rsquo;Ottava Rima<\/a> &#8211; Sorano (GR)<\/p>\n<p><strong>SPA:\u00a0<\/strong><a class=\"link\">Fonteverde SPA<strong> &#8211; San Casciano dei Bagni (SI)<\/strong><\/a><\/p>\n<p><strong>Mus\u00e9es:\u00a0<\/strong><a class=\"link\" href=\"http:\/\/www.simulabo.it\/\" target=\"_blank\">Sistema Museale del lago di Bolsena<\/a> (il sito raccoglie tutti i musei della zona intorno al lago di Bolsena)<\/p>\n<p><strong>O\u00f9 acheter:\u00a0<\/strong><span class=\"link\"><a href=\"http:\/\/www.terrecotteolimpia.it\/\" target=\"_blank\">Terrecotte Olimpia<\/a><\/span><a href=\"http:\/\/www.terecotteolimpia.it\/\" target=\"_blank\"> &#8211; Acquapendente (VT)<\/a>\u00a0&#8211;\u00a0<span class=\"link\"><a href=\"http:\/\/www.ceramiche-bama.it\/\" target=\"_blank\">Ceramiche artistiche BAMA<\/a><\/span><a href=\"http:\/\/www.motturasergio.it\/vini.html\" target=\"_blank\"> &#8211; Acquapendente (VT)<\/a>\u00a0&#8211;\u00a0<a class=\"link\" href=\"http:\/\/www.motturasergio.it\/vini.html\" target=\"_blank\">Cantine Mottura<\/a> &#8211; Civitella d&rsquo;Agliano (VT)<\/p>\n<p><a class=\"link\" href=\"http:\/\/www.arthistoryalive.com\/\" target=\"_blank\">Art History Tours<\/a><\/p>\n<p><a class=\"link\" href=\"http:\/\/www.flyfishingtuscia.com\/\" target=\"_blank\">StunningLand<\/a><\/p>\n<p><a class=\"link\" href=\"http:\/\/www.xprenotare.it\/\" target=\"_blank\">Arianna<\/a><\/p>\n<p>&nbsp;<\/p>\n","protected":false},"excerpt":{"rendered":"<p>Pour obtenir plus d&rsquo;informations sur la r\u00e9gion, nous vous sugg\u00e9rons de visiter les sites de nos amis: H\u00f4tels:\u00a0Loggiato dei serviti (Firenze) Restaurants:\u00a0Enoteca I terzi (Siena) &#8211;\u00a0La Parolina &#8211; Trevinano (VT) &#8211;\u00a0Osteria l&rsquo;Ottava Rima &#8211; Sorano (GR) SPA:\u00a0Fonteverde SPA &#8211; San Casciano dei Bagni (SI) Mus\u00e9es:\u00a0Sistema Museale del lago di Bolsena (il sito raccoglie tutti i [&hellip;]<\/p>\n","protected":false},"author":1,"featured_media":162,"parent":209,"menu_order":0,"comment_status":"closed","ping_status":"closed","template":"page-templates\/content-pagine-testate-corte.php","meta":{"_acf_changed":false,"footnotes":""},"class_list":["post-164","page","type-page","status-publish","has-post-thumbnail","hentry"],"acf":[],"aioseo_notices":[],"_links":{"self":[{"href":"https:\/\/www.castellodiproceno.it\/fr\/wp-json\/wp\/v2\/pages\/164","targetHints":{"allow":["GET"]}}],"collection":[{"href":"https:\/\/www.castellodiproceno.it\/fr\/wp-json\/wp\/v2\/pages"}],"about":[{"href":"https:\/\/www.castellodiproceno.it\/fr\/wp-json\/wp\/v2\/types\/page"}],"author":[{"embeddable":true,"href":"https:\/\/www.castellodiproceno.it\/fr\/wp-json\/wp\/v2\/users\/1"}],"replies":[{"embeddable":true,"href":"https:\/\/www.castellodiproceno.it\/fr\/wp-json\/wp\/v2\/comments?post=164"}],"version-history":[{"count":0,"href":"https:\/\/www.castellodiproceno.it\/fr\/wp-json\/wp\/v2\/pages\/164\/revisions"}],"up":[{"embeddable":true,"href":"https:\/\/www.castellodiproceno.it\/fr\/wp-json\/wp\/v2\/pages\/209"}],"wp:featuredmedia":[{"embeddable":true,"href":"https:\/\/www.castellodiproceno.it\/fr\/wp-json\/wp\/v2\/media\/162"}],"wp:attachment":[{"href":"https:\/\/www.castellodiproceno.it\/fr\/wp-json\/wp\/v2\/media?parent=164"}],"curies":[{"name":"wp","href":"https:\/\/api.w.org\/{rel}","templated":true}]}}