{"id":183,"date":"2016-03-15T13:43:06","date_gmt":"2016-03-15T12:43:06","guid":{"rendered":"http:\/\/castello.webag.it\/fr\/accoglienza\/suites\/"},"modified":"2020-02-17T16:43:14","modified_gmt":"2020-02-17T15:43:14","slug":"chambres","status":"publish","type":"page","link":"https:\/\/www.castellodiproceno.it\/fr\/bienvenue\/chambres\/","title":{"rendered":"Chambres"},"content":{"rendered":"<p>A part les appartements, le Ch\u00e2teau de Proceno offre aussi trois chambres, toujours restaur\u00e9es avec les plus grands soins et l&rsquo;amour pour le d\u00e9tail: <strong>Collinella<\/strong>, <strong>Poggiolo<\/strong> et <strong>Caciaia<\/strong>.<br \/>\nL&rsquo;acc\u00e8s passe par une porte du rez-de-chauss\u00e9e du jardin int\u00e9rieur et par une cage d&rsquo;escalier qui relie les trois \u00e9tages.<\/p>\n<p>Les suites sont toutes \u00e9quip\u00e9es d&rsquo;un <span class=\"bold\">frigo<\/span>, d&rsquo;un <span class=\"bold\">four \u00e0 micro-ondes<\/span>, d&rsquo;une <span class=\"bold\">bouilloire \u00e9lectrique<\/span>, d&rsquo;un <span class=\"bold\">grille-pain<\/span>et d&rsquo;un <span class=\"bold\">petit \u00e9vier<\/span>. Toutes les salles de bains sont munies d&rsquo;une <span class=\"bold\">douche<\/span> et d&rsquo;un s<span class=\"bold\">\u00e8che-cheveux<\/span>.<\/p>\n<p><strong><span class=\"bold\">B&amp;B<\/span> est offert sur demande.<\/strong><\/p>\n<p><strong>Check-in<\/strong>: entre 16 h et 19 h<br \/>\n<strong>D\u00e9part<\/strong>: 10h<br \/>\n<strong>Les horaires peuvent \u00eatre modifi\u00e9s, mais nous demandons pour \u00eatre inform\u00e9<\/strong><\/p>\n","protected":false},"excerpt":{"rendered":"<p>A part les appartements, le Ch\u00e2teau de Proceno offre aussi trois chambres, toujours restaur\u00e9es avec les plus grands soins et l&rsquo;amour pour le d\u00e9tail: Collinella, Poggiolo et Caciaia. L&rsquo;acc\u00e8s passe par une porte du rez-de-chauss\u00e9e du jardin int\u00e9rieur et par une cage d&rsquo;escalier qui relie les trois \u00e9tages. Les suites sont toutes \u00e9quip\u00e9es d&rsquo;un frigo, [&hellip;]<\/p>\n","protected":false},"author":1,"featured_media":181,"parent":131,"menu_order":0,"comment_status":"closed","ping_status":"closed","template":"page-templates\/suite.php","meta":{"_acf_changed":false,"footnotes":""},"class_list":["post-183","page","type-page","status-publish","has-post-thumbnail","hentry"],"acf":[],"aioseo_notices":[],"_links":{"self":[{"href":"https:\/\/www.castellodiproceno.it\/fr\/wp-json\/wp\/v2\/pages\/183","targetHints":{"allow":["GET"]}}],"collection":[{"href":"https:\/\/www.castellodiproceno.it\/fr\/wp-json\/wp\/v2\/pages"}],"about":[{"href":"https:\/\/www.castellodiproceno.it\/fr\/wp-json\/wp\/v2\/types\/page"}],"author":[{"embeddable":true,"href":"https:\/\/www.castellodiproceno.it\/fr\/wp-json\/wp\/v2\/users\/1"}],"replies":[{"embeddable":true,"href":"https:\/\/www.castellodiproceno.it\/fr\/wp-json\/wp\/v2\/comments?post=183"}],"version-history":[{"count":0,"href":"https:\/\/www.castellodiproceno.it\/fr\/wp-json\/wp\/v2\/pages\/183\/revisions"}],"up":[{"embeddable":true,"href":"https:\/\/www.castellodiproceno.it\/fr\/wp-json\/wp\/v2\/pages\/131"}],"wp:featuredmedia":[{"embeddable":true,"href":"https:\/\/www.castellodiproceno.it\/fr\/wp-json\/wp\/v2\/media\/181"}],"wp:attachment":[{"href":"https:\/\/www.castellodiproceno.it\/fr\/wp-json\/wp\/v2\/media?parent=183"}],"curies":[{"name":"wp","href":"https:\/\/api.w.org\/{rel}","templated":true}]}}