{"id":193,"date":"2016-03-15T13:44:06","date_gmt":"2016-03-15T12:44:06","guid":{"rendered":"http:\/\/castello.webag.it\/fr\/eventi-speciali\/"},"modified":"2016-08-04T13:01:56","modified_gmt":"2016-08-04T11:01:56","slug":"evenements","status":"publish","type":"page","link":"https:\/\/www.castellodiproceno.it\/fr\/evenements\/","title":{"rendered":"Evenements"},"content":{"rendered":"<p>Les vall\u00e9es vertes qui entourent le site et les lieux du moyen \u00e2ge, tout est l\u00e0 pour que n&rsquo;importe quelle manifestation, un concert, un mariage, un anniversaire, une rencontre de travail, trouve une atmosph\u00e8re magique qui se confonde dans les murs antiques et le vert du jardin splendide.<br \/>\nNous pouvons organiser pour vous des buffets ou des repas servis \u00e0 table, prenant soin des plus petits d\u00e9tails et \u2013 si souhait\u00e9 \u2013 d&rsquo;un accompagnement musical. Si d\u00e9sir\u00e9, une \u00e9glise catholique pour une c\u00e9r\u00e9monie religieuse est \u00e0 votre disposition. Dans le petit bourg de Proceno o\u00f9 vivent seulement 300 personnes, nous disposons de 7 \u00e9glises de toutes les \u00e9poques, facilement atteignables \u00e0 pied.<br \/>\nPour des rencontres de travail nous disposons de tous les agr\u00e9ments et installations modernes et des salles de r\u00e9union o\u00f9 vous vous sentirez \u00e0 l&rsquo;aise.<br \/>\nUne personne sp\u00e9cialis\u00e9e pour organiser des \u00e9v\u00e8nements de toute sorte peut vous aider avec de pr\u00e9cieux conseils pour r\u00e9aliser tous vos v\u0153ux et de rendre votre manifestation et votre s\u00e9jour au ch\u00e2teau \u00e0 marquer d&rsquo;une pierre blanche, donc inoubliable.<\/p>\n<p>Le complexe est aussi dot\u00e9 de deux pi\u00e8ces d\u2019env. 90m2. Elles se pr\u00eatent parfaitement pour des conf\u00e9rences, r\u00e9unions, pr\u00e9sentations, expositions etc.<\/p>\n<p>Les moyens audio et vid\u00e9o sont facilement accessibles. Une pi\u00e8ce adjacente est pr\u00e9vue pour des pause-caf\u00e9.<\/p>\n","protected":false},"excerpt":{"rendered":"<p>Le Ch\u00e2teau di Proceno est le lieu id\u00e9al pour organiser tous les \u00e9v\u00e8nements.<\/p>\n","protected":false},"author":1,"featured_media":190,"parent":0,"menu_order":0,"comment_status":"closed","ping_status":"closed","template":"page-templates\/content-nosidebar.php","meta":{"_acf_changed":false,"footnotes":""},"class_list":["post-193","page","type-page","status-publish","has-post-thumbnail","hentry"],"acf":[],"aioseo_notices":[],"_links":{"self":[{"href":"https:\/\/www.castellodiproceno.it\/fr\/wp-json\/wp\/v2\/pages\/193","targetHints":{"allow":["GET"]}}],"collection":[{"href":"https:\/\/www.castellodiproceno.it\/fr\/wp-json\/wp\/v2\/pages"}],"about":[{"href":"https:\/\/www.castellodiproceno.it\/fr\/wp-json\/wp\/v2\/types\/page"}],"author":[{"embeddable":true,"href":"https:\/\/www.castellodiproceno.it\/fr\/wp-json\/wp\/v2\/users\/1"}],"replies":[{"embeddable":true,"href":"https:\/\/www.castellodiproceno.it\/fr\/wp-json\/wp\/v2\/comments?post=193"}],"version-history":[{"count":0,"href":"https:\/\/www.castellodiproceno.it\/fr\/wp-json\/wp\/v2\/pages\/193\/revisions"}],"wp:featuredmedia":[{"embeddable":true,"href":"https:\/\/www.castellodiproceno.it\/fr\/wp-json\/wp\/v2\/media\/190"}],"wp:attachment":[{"href":"https:\/\/www.castellodiproceno.it\/fr\/wp-json\/wp\/v2\/media?parent=193"}],"curies":[{"name":"wp","href":"https:\/\/api.w.org\/{rel}","templated":true}]}}