{"id":473,"date":"2016-03-24T14:16:10","date_gmt":"2016-03-24T13:16:10","guid":{"rendered":"http:\/\/castello.webag.it\/fr\/per-chi-proviene-da-roma\/"},"modified":"2016-08-04T13:01:41","modified_gmt":"2016-08-04T11:01:41","slug":"de-roma","status":"publish","type":"page","link":"https:\/\/www.castellodiproceno.it\/fr\/de-roma\/","title":{"rendered":"De Roma"},"content":{"rendered":"<p class=\"testo\"><strong><span class=\"bold\">Orvieto:<\/span><\/strong><\/p>\n<p class=\"testo\"><span class=\"Stile2\">Quittez l\u2019Autoroute A 1, restez sur votre droite. Apr\u00e8s 1 km prenez \u00e0 droite et suivez 100 m, prenez \u00e0 gauche. Restez \u00e0 droite, passez sous la voie ferroviaire et continuez vers les signaux lumineux, suivez vers Orvieto. A la prochaine crois\u00e9e prenez \u00e0 droite vers Castel Viscardo, Castel Giorgio, Allerona, Acquapendente.<\/p>\n<p>Apr\u00e8s 3 km, \u00e0 la prochaine intersection prenez \u00e0 droite et continuez vers Castel Giorgio et Allerona. Apr\u00e8s 200 m tournez \u00e0 gauche vers Castel Giorgio et Castel Viscardo.<\/p>\n<p>Apr\u00e8s 4 km vous arriverez \u00e0 une autre crois\u00e9e, prenez \u00e0 gauche vers Viceno et apr\u00e8s 5 km \u00e0 gauche, suivant les signaux pour Castel Giorgio. Apr\u00e8s 1 km tournez \u00e0 droite vers Acquapendente. 2,5 km plus loin vous arriverez \u00e0 une crois\u00e9e, prenez \u00e0 gauche vers Acquapendente. Apr\u00e8s 8 km, \u00e0 la bifurcation, prenez \u00e0 droite vers Siena, fr\u00f4lez Acquapendente et continuez sur 4 km ; vous arriverez \u00e0 une autre intersection o\u00f9 vous tournerez vers Proceno.<\/p>\n<p>Apr\u00e8s 3 km vous arriverez \u00e0 une intersection avec une \u00e9glise au milieu ; prenez \u00e0 droite vers Castellazzara. Apr\u00e8s 700 m, un virage tr\u00e8s serr\u00e9 vous m\u00e8ne direction Proceno. Passez l\u2019ancien portail et arr\u00eatez-vous au num\u00e9ro 155 Corso Regina Margherita ou 137, nos bureaux.<\/p>\n<p>La distance entre Orvieto et Proceno est de 35 km et vous prendra env. 40 minutes.<\/span><\/p>\n","protected":false},"excerpt":{"rendered":"<p>Orvieto: Quittez l\u2019Autoroute A 1, restez sur votre droite. Apr\u00e8s 1 km prenez \u00e0 droite et suivez 100 m, prenez \u00e0 gauche. Restez \u00e0 droite, passez sous la voie ferroviaire et continuez vers les signaux lumineux, suivez vers Orvieto. A la prochaine crois\u00e9e prenez \u00e0 droite vers Castel Viscardo, Castel Giorgio, Allerona, Acquapendente. Apr\u00e8s 3 [&hellip;]<\/p>\n","protected":false},"author":1,"featured_media":0,"parent":0,"menu_order":0,"comment_status":"closed","ping_status":"closed","template":"","meta":{"_acf_changed":false,"footnotes":""},"class_list":["post-473","page","type-page","status-publish","hentry"],"acf":[],"aioseo_notices":[],"_links":{"self":[{"href":"https:\/\/www.castellodiproceno.it\/fr\/wp-json\/wp\/v2\/pages\/473","targetHints":{"allow":["GET"]}}],"collection":[{"href":"https:\/\/www.castellodiproceno.it\/fr\/wp-json\/wp\/v2\/pages"}],"about":[{"href":"https:\/\/www.castellodiproceno.it\/fr\/wp-json\/wp\/v2\/types\/page"}],"author":[{"embeddable":true,"href":"https:\/\/www.castellodiproceno.it\/fr\/wp-json\/wp\/v2\/users\/1"}],"replies":[{"embeddable":true,"href":"https:\/\/www.castellodiproceno.it\/fr\/wp-json\/wp\/v2\/comments?post=473"}],"version-history":[{"count":0,"href":"https:\/\/www.castellodiproceno.it\/fr\/wp-json\/wp\/v2\/pages\/473\/revisions"}],"wp:attachment":[{"href":"https:\/\/www.castellodiproceno.it\/fr\/wp-json\/wp\/v2\/media?parent=473"}],"curies":[{"name":"wp","href":"https:\/\/api.w.org\/{rel}","templated":true}]}}